{"id":48,"date":"2024-07-23T09:24:18","date_gmt":"2024-07-23T07:24:18","guid":{"rendered":"https:\/\/accamios.fr\/?page_id=48"},"modified":"2024-07-26T21:49:12","modified_gmt":"2024-07-26T19:49:12","slug":"le-bureau","status":"publish","type":"page","link":"https:\/\/accamios.fr\/index.php\/le-bureau\/","title":{"rendered":"Le bureau"},"content":{"rendered":"\n<p class=\"has-medium-font-size\"><\/p>\n\n\n\n<div class=\"wp-block-group is-vertical is-layout-flex wp-container-core-group-is-layout-8cf370e7 wp-block-group-is-layout-flex\">\n<p class=\"has-medium-font-size\"><strong>Pr\u00e9sident:<\/strong> R\u00e9my-Freddy GATINOIS (06.83.46.43.12)<br><strong>Vice Pr\u00e9sident:<\/strong> Justin VINUESA (06.86.16.96.08)<br><strong>Secr\u00e9taire:<\/strong> Anthony DARDARD (06.81.99.04.67)<br><strong>Tr\u00e9sorier: <\/strong>J\u00e9r\u00f4me LABADIE (06.84.54.90.89)<br>C<strong>ommunication interne\/r\u00e9seaux sociaux:<\/strong><br>Amandine PLANTEY &amp; Baptiste BAZINETTE<br><strong>Chiens courants:<\/strong> Nicolas PLANTEY<br><strong>Faisans Perdreaux: <\/strong>Bernard FORGERON &amp; Justin VINUESA<br><strong>Pyl\u00f4nes \/ Palombes:<\/strong> C\u00e9dric BLANCAN &amp; J\u00e9r\u00f4me LABADIE<br><strong>Chasse \u00e0 l\u2019arc:<\/strong> Xavier ABIVEN<br><strong>B\u00e9casses:<\/strong> Alain MANO et Alain MORA<br><strong>R\u00e8glementation:<\/strong> Julien DAGUIN<\/p>\n<\/div>\n","protected":false},"excerpt":{"rendered":"<p>Pr\u00e9sident: R\u00e9my-Freddy GATINOIS (06.83.46.43.12)Vice Pr\u00e9sident: Justin VINUESA (06.86.16.96.08)Secr\u00e9taire: Anthony DARDARD (06.81.99.04.67)Tr\u00e9sorier: J\u00e9r\u00f4me LABADIE (06.84.54.90.89)Communication interne\/r\u00e9seaux sociaux:Amandine PLANTEY &amp; Baptiste BAZINETTEChiens courants: Nicolas PLANTEYFaisans Perdreaux: Bernard FORGERON &amp; Justin VINUESAPyl\u00f4nes \/ &#8230;<\/p>\n","protected":false},"author":1,"featured_media":0,"parent":0,"menu_order":0,"comment_status":"closed","ping_status":"closed","template":"","meta":{"footnotes":""},"class_list":["post-48","page","type-page","status-publish","hentry"],"_links":{"self":[{"href":"https:\/\/accamios.fr\/index.php\/wp-json\/wp\/v2\/pages\/48","targetHints":{"allow":["GET"]}}],"collection":[{"href":"https:\/\/accamios.fr\/index.php\/wp-json\/wp\/v2\/pages"}],"about":[{"href":"https:\/\/accamios.fr\/index.php\/wp-json\/wp\/v2\/types\/page"}],"author":[{"embeddable":true,"href":"https:\/\/accamios.fr\/index.php\/wp-json\/wp\/v2\/users\/1"}],"replies":[{"embeddable":true,"href":"https:\/\/accamios.fr\/index.php\/wp-json\/wp\/v2\/comments?post=48"}],"version-history":[{"count":4,"href":"https:\/\/accamios.fr\/index.php\/wp-json\/wp\/v2\/pages\/48\/revisions"}],"predecessor-version":[{"id":92,"href":"https:\/\/accamios.fr\/index.php\/wp-json\/wp\/v2\/pages\/48\/revisions\/92"}],"wp:attachment":[{"href":"https:\/\/accamios.fr\/index.php\/wp-json\/wp\/v2\/media?parent=48"}],"curies":[{"name":"wp","href":"https:\/\/api.w.org\/{rel}","templated":true}]}}